{"id":2439,"date":"2020-11-05T04:57:45","date_gmt":"2020-11-05T04:57:45","guid":{"rendered":"https:\/\/ltsupply.co.th\/?post_type=product&#038;p=2439"},"modified":"2024-12-09T09:31:45","modified_gmt":"2024-12-09T09:31:45","slug":"%e0%b9%81%e0%b8%9b%e0%b8%a3%e0%b8%87%e0%b8%82%e0%b8%99%e0%b8%a1%e0%b9%89%e0%b8%b2%e0%b8%aa%e0%b8%b3%e0%b8%ab%e0%b8%a3%e0%b8%b1%e0%b8%9a%e0%b8%81%e0%b8%b2%e0%b8%a3%e0%b8%97%e0%b8%b3%e0%b8%84%e0%b8%a7","status":"publish","type":"product","link":"https:\/\/ltsupply.co.th\/en\/product\/%e0%b9%81%e0%b8%9b%e0%b8%a3%e0%b8%87%e0%b8%82%e0%b8%99%e0%b8%a1%e0%b9%89%e0%b8%b2%e0%b8%aa%e0%b8%b3%e0%b8%ab%e0%b8%a3%e0%b8%b1%e0%b8%9a%e0%b8%81%e0%b8%b2%e0%b8%a3%e0%b8%97%e0%b8%b3%e0%b8%84%e0%b8%a7\/","title":{"rendered":"\u0e41\u0e1b\u0e23\u0e07\u0e02\u0e19\u0e21\u0e49\u0e32\u0e2a\u0e33\u0e2b\u0e23\u0e31\u0e1a\u0e01\u0e32\u0e23\u0e17\u0e33\u0e04\u0e27\u0e32\u0e21\u0e2a\u0e30\u0e2d\u0e32\u0e14\u0e2b\u0e25\u0e2d\u0e14\u0e17\u0e14\u0e25\u0e2d\u0e07\u0e43\u0e19\u0e2b\u0e49\u0e2d\u0e07\u0e1b\u0e0f\u0e34\u0e1a\u0e31\u0e15\u0e34\u0e01\u0e32\u0e23 (\u0e04\u0e23\u0e1a\u0e0a\u0e38\u0e14 (6 \u0e0a\u0e34\u0e49\u0e19)"},"content":{"rendered":"<h2 style=\"text-align: center;\"><strong>\u0e41\u0e1b\u0e23\u0e07\u0e02\u0e19\u0e21\u0e49\u0e32\u0e2a\u0e33\u0e2b\u0e23\u0e31\u0e1a\u0e01\u0e32\u0e23\u0e17\u0e33\u0e04\u0e27\u0e32\u0e21\u0e2a\u0e30\u0e2d\u0e32\u0e14\u0e2b\u0e25\u0e2d\u0e14\u0e17\u0e14\u0e25\u0e2d\u0e07\u0e43\u0e19\u0e2b\u0e49\u0e2d\u0e07\u0e1b\u0e0f\u0e34\u0e1a\u0e31\u0e15\u0e34\u0e01\u0e32\u0e23<\/strong><\/h2>\n<h2 style=\"text-align: center;\"><strong> (\u0e04\u0e23\u0e1a\u0e0a\u0e38\u0e14 (6 \u0e0a\u0e34\u0e49\u0e19)<\/strong><\/h2>\n<p>&nbsp;<\/p>\n<table class=\" aligncenter\" style=\"height: 275px; width: 72.2223%; border-collapse: collapse;\">\n<tbody>\n<tr style=\"height: 24px;\">\n<td style=\"width: 3.29763%; height: 24px; text-align: center;\"><strong>OD<br \/>\n<\/strong><\/td>\n<td style=\"width: 12.4919%; height: 24px; text-align: center;\"><strong>LENGTH<br \/>\n<\/strong><\/td>\n<td style=\"width: 15.9297%; height: 24px; text-align: center;\"><strong>TOTAL LENGTH<\/strong><\/td>\n<\/tr>\n<tr>\n<td style=\"width: 3.29763%; text-align: center;\">\u00d810<\/td>\n<td style=\"width: 12.4919%; text-align: center;\">60<\/td>\n<td style=\"width: 15.9297%; text-align: center;\">225<\/td>\n<\/tr>\n<tr>\n<td style=\"width: 3.29763%; text-align: center;\">\u00d816<\/td>\n<td style=\"width: 12.4919%; text-align: center;\">60<\/td>\n<td style=\"width: 15.9297%; text-align: center;\">225<\/td>\n<\/tr>\n<tr>\n<td style=\"width: 3.29763%; text-align: center;\">\u00d827<\/td>\n<td style=\"width: 12.4919%; text-align: center;\">80<\/td>\n<td style=\"width: 15.9297%; text-align: center;\">300<\/td>\n<\/tr>\n<tr style=\"height: 48px;\">\n<td style=\"width: 3.29763%; height: 35px; text-align: center;\">\u00d835<\/td>\n<td style=\"width: 12.4919%; height: 35px; text-align: center;\">100<\/td>\n<td style=\"width: 15.9297%; height: 35px; text-align: center;\">350<\/td>\n<\/tr>\n<tr style=\"height: 24px;\">\n<td style=\"width: 3.29763%; text-align: center; height: 24px;\">\u00d850<\/td>\n<td style=\"width: 12.4919%; text-align: center; height: 24px;\">120<\/td>\n<td style=\"width: 15.9297%; text-align: center; height: 24px;\">400<\/td>\n<\/tr>\n<tr style=\"height: 24px;\">\n<td style=\"width: 3.29763%; text-align: center; height: 24px;\">\u00d864<\/td>\n<td style=\"width: 12.4919%; text-align: center; height: 24px;\">120<\/td>\n<td style=\"width: 15.9297%; text-align: center; height: 24px;\">400<\/td>\n<\/tr>\n<\/tbody>\n<\/table>\n<p>&nbsp;<\/p>\n<p>&nbsp;<\/p>\n","protected":false},"excerpt":{"rendered":"<p>\u0e41\u0e1b\u0e23\u0e07\u0e02\u0e19\u0e21\u0e49\u0e32\u0e2a\u0e33\u0e2b\u0e23\u0e31\u0e1a\u0e01\u0e32\u0e23\u0e17\u0e33\u0e04\u0e27\u0e32\u0e21\u0e2a\u0e30\u0e2d\u0e32\u0e14\u0e2b\u0e25\u0e2d\u0e14\u0e17\u0e14\u0e25\u0e2d\u0e07\u0e43\u0e19\u0e2b\u0e49\u0e2d\u0e07\u0e1b\u0e0f\u0e34\u0e1a\u0e31\u0e15\u0e34\u0e01\u0e32\u0e23 (\u0e04\u0e23\u0e1a\u0e0a\u0e38\u0e14 (6 \u0e0a\u0e34\u0e49\u0e19) &nbsp; OD LENGTH TOTAL LENGTH \u00d810 60 225 \u00d816 60 225 \u00d827 80 300 \u00d835 100 350 \u00d850 120 400 \u00d864 120 400 &nbsp; &nbsp;<\/p>\n","protected":false},"featured_media":2418,"template":"","meta":[],"product_brand":[],"product_cat":[],"product_tag":[],"class_list":{"0":"post-2439","1":"product","2":"type-product","3":"status-publish","4":"has-post-thumbnail","6":"product_shipping_class-jt-express","8":"first","9":"instock","10":"taxable","11":"shipping-taxable","12":"purchasable","13":"product-type-simple"},"yoast_head":"<!-- This site is optimized with the Yoast SEO plugin v26.6 - https:\/\/yoast.com\/wordpress\/plugins\/seo\/ -->\n<title>\u0e41\u0e1b\u0e23\u0e07\u0e02\u0e19\u0e21\u0e49\u0e32\u0e2a\u0e33\u0e2b\u0e23\u0e31\u0e1a\u0e01\u0e32\u0e23\u0e17\u0e33\u0e04\u0e27\u0e32\u0e21\u0e2a\u0e30\u0e2d\u0e32\u0e14\u0e2b\u0e25\u0e2d\u0e14\u0e17\u0e14\u0e25\u0e2d\u0e07\u0e43\u0e19\u0e2b\u0e49\u0e2d\u0e07\u0e1b\u0e0f\u0e34\u0e1a\u0e31\u0e15\u0e34\u0e01\u0e32\u0e23 (\u0e04\u0e23\u0e1a\u0e0a\u0e38\u0e14 (6 \u0e0a\u0e34\u0e49\u0e19)<\/title>\n<meta name=\"robots\" content=\"index, follow, max-snippet:-1, max-image-preview:large, max-video-preview:-1\" \/>\n<link rel=\"canonical\" href=\"https:\/\/ltsupply.co.th\/en\/product\/horse-hair-brush-o64-2\/\" \/>\n<meta property=\"og:locale\" content=\"en_US\" \/>\n<meta property=\"og:locale:alternate\" content=\"th\" \/>\n<meta property=\"og:type\" content=\"article\" \/>\n<meta property=\"og:title\" content=\"\u0e41\u0e1b\u0e23\u0e07\u0e02\u0e19\u0e21\u0e49\u0e32\u0e2a\u0e33\u0e2b\u0e23\u0e31\u0e1a\u0e01\u0e32\u0e23\u0e17\u0e33\u0e04\u0e27\u0e32\u0e21\u0e2a\u0e30\u0e2d\u0e32\u0e14\u0e2b\u0e25\u0e2d\u0e14\u0e17\u0e14\u0e25\u0e2d\u0e07\u0e43\u0e19\u0e2b\u0e49\u0e2d\u0e07\u0e1b\u0e0f\u0e34\u0e1a\u0e31\u0e15\u0e34\u0e01\u0e32\u0e23 (\u0e04\u0e23\u0e1a\u0e0a\u0e38\u0e14 (6 \u0e0a\u0e34\u0e49\u0e19)\" \/>\n<meta property=\"og:description\" content=\"\u0e41\u0e1b\u0e23\u0e07\u0e02\u0e19\u0e21\u0e49\u0e32\u0e2a\u0e33\u0e2b\u0e23\u0e31\u0e1a\u0e01\u0e32\u0e23\u0e17\u0e33\u0e04\u0e27\u0e32\u0e21\u0e2a\u0e30\u0e2d\u0e32\u0e14\u0e2b\u0e25\u0e2d\u0e14\u0e17\u0e14\u0e25\u0e2d\u0e07\u0e43\u0e19\u0e2b\u0e49\u0e2d\u0e07\u0e1b\u0e0f\u0e34\u0e1a\u0e31\u0e15\u0e34\u0e01\u0e32\u0e23 (\u0e04\u0e23\u0e1a\u0e0a\u0e38\u0e14 (6 \u0e0a\u0e34\u0e49\u0e19) &nbsp; OD LENGTH TOTAL LENGTH \u00d810 60 225 \u00d816 60 225 \u00d827 80 300 \u00d835 100 350 \u00d850 120 400 \u00d864 120 400 &nbsp; &nbsp;\" \/>\n<meta property=\"og:url\" content=\"https:\/\/ltsupply.co.th\/en\/product\/\u0e41\u0e1b\u0e23\u0e07\u0e02\u0e19\u0e21\u0e49\u0e32\u0e2a\u0e33\u0e2b\u0e23\u0e31\u0e1a\u0e01\u0e32\u0e23\u0e17\u0e33\u0e04\u0e27\/\" \/>\n<meta property=\"og:site_name\" content=\"LT Supply Co.,Ltd.\" \/>\n<meta property=\"article:modified_time\" content=\"2024-12-09T09:31:45+00:00\" \/>\n<meta property=\"og:image\" content=\"https:\/\/ltsupply.co.th\/wp-content\/uploads\/2020\/11\/\u0e41\u0e1b\u0e23\u0e07\u0e02\u0e19\u0e21\u0e49\u0e32-2.jpg\" \/>\n\t<meta property=\"og:image:width\" content=\"1200\" \/>\n\t<meta property=\"og:image:height\" content=\"1200\" \/>\n\t<meta property=\"og:image:type\" content=\"image\/jpeg\" \/>\n<meta name=\"twitter:card\" content=\"summary_large_image\" \/>\n<script type=\"application\/ld+json\" class=\"yoast-schema-graph\">{\"@context\":\"https:\/\/schema.org\",\"@graph\":[{\"@type\":\"WebPage\",\"@id\":\"https:\/\/ltsupply.co.th\/product\/horse-hair-brush-o64-2\/\",\"url\":\"https:\/\/ltsupply.co.th\/product\/horse-hair-brush-o64-2\/\",\"name\":\"\u0e41\u0e1b\u0e23\u0e07\u0e02\u0e19\u0e21\u0e49\u0e32\u0e2a\u0e33\u0e2b\u0e23\u0e31\u0e1a\u0e01\u0e32\u0e23\u0e17\u0e33\u0e04\u0e27\u0e32\u0e21\u0e2a\u0e30\u0e2d\u0e32\u0e14\u0e2b\u0e25\u0e2d\u0e14\u0e17\u0e14\u0e25\u0e2d\u0e07\u0e43\u0e19\u0e2b\u0e49\u0e2d\u0e07\u0e1b\u0e0f\u0e34\u0e1a\u0e31\u0e15\u0e34\u0e01\u0e32\u0e23 (\u0e04\u0e23\u0e1a\u0e0a\u0e38\u0e14 (6 \u0e0a\u0e34\u0e49\u0e19)\",\"isPartOf\":{\"@id\":\"https:\/\/ltsupply.co.th\/product\/horse-hair-brush-o64-2\/#website\"},\"primaryImageOfPage\":{\"@id\":\"https:\/\/ltsupply.co.th\/product\/horse-hair-brush-o64-2\/#primaryimage\"},\"image\":{\"@id\":\"https:\/\/ltsupply.co.th\/product\/horse-hair-brush-o64-2\/#primaryimage\"},\"thumbnailUrl\":\"https:\/\/ltsupply.co.th\/wp-content\/uploads\/2020\/11\/\u0e41\u0e1b\u0e23\u0e07\u0e02\u0e19\u0e21\u0e49\u0e32-2.jpg\",\"datePublished\":\"2020-11-05T04:57:45+00:00\",\"dateModified\":\"2024-12-09T09:31:45+00:00\",\"breadcrumb\":{\"@id\":\"https:\/\/ltsupply.co.th\/product\/horse-hair-brush-o64-2\/#breadcrumb\"},\"inLanguage\":\"en-US\",\"potentialAction\":[{\"@type\":\"ReadAction\",\"target\":[\"https:\/\/ltsupply.co.th\/product\/horse-hair-brush-o64-2\/\"]}]},{\"@type\":\"ImageObject\",\"inLanguage\":\"en-US\",\"@id\":\"https:\/\/ltsupply.co.th\/product\/horse-hair-brush-o64-2\/#primaryimage\",\"url\":\"https:\/\/ltsupply.co.th\/wp-content\/uploads\/2020\/11\/\u0e41\u0e1b\u0e23\u0e07\u0e02\u0e19\u0e21\u0e49\u0e32-2.jpg\",\"contentUrl\":\"https:\/\/ltsupply.co.th\/wp-content\/uploads\/2020\/11\/\u0e41\u0e1b\u0e23\u0e07\u0e02\u0e19\u0e21\u0e49\u0e32-2.jpg\",\"width\":1200,\"height\":1200},{\"@type\":\"BreadcrumbList\",\"@id\":\"https:\/\/ltsupply.co.th\/product\/horse-hair-brush-o64-2\/#breadcrumb\",\"itemListElement\":[{\"@type\":\"ListItem\",\"position\":1,\"name\":\"Home\",\"item\":\"https:\/\/ltsupply.co.th\/product\/horse-hair-brush-o64-2\/\"},{\"@type\":\"ListItem\",\"position\":2,\"name\":\"Shop\",\"item\":\"https:\/\/ltsupply.co.th\/product\/horse-hair-brush-o64-2\/\"},{\"@type\":\"ListItem\",\"position\":3,\"name\":\"\u0e41\u0e1b\u0e23\u0e07\u0e02\u0e19\u0e21\u0e49\u0e32\u0e2a\u0e33\u0e2b\u0e23\u0e31\u0e1a\u0e01\u0e32\u0e23\u0e17\u0e33\u0e04\u0e27\u0e32\u0e21\u0e2a\u0e30\u0e2d\u0e32\u0e14\u0e2b\u0e25\u0e2d\u0e14\u0e17\u0e14\u0e25\u0e2d\u0e07\u0e43\u0e19\u0e2b\u0e49\u0e2d\u0e07\u0e1b\u0e0f\u0e34\u0e1a\u0e31\u0e15\u0e34\u0e01\u0e32\u0e23 (\u0e04\u0e23\u0e1a\u0e0a\u0e38\u0e14 (6 \u0e0a\u0e34\u0e49\u0e19)\"}]},{\"@type\":\"WebSite\",\"@id\":\"https:\/\/ltsupply.co.th\/product\/horse-hair-brush-o64-2\/#website\",\"url\":\"https:\/\/ltsupply.co.th\/product\/horse-hair-brush-o64-2\/\",\"name\":\"LT Supply Co.,Ltd.\",\"description\":\"\u0e15\u0e31\u0e27\u0e41\u0e17\u0e19\u0e08\u0e33\u0e2b\u0e19\u0e48\u0e32\u0e22\u0e41\u0e1b\u0e23\u0e07\u0e17\u0e35\u0e48\u0e43\u0e0a\u0e49\u0e43\u0e19\u0e07\u0e32\u0e19\u0e42\u0e23\u0e07\u0e1e\u0e22\u0e32\u0e1a\u0e32\u0e25 \u0e41\u0e1b\u0e23\u0e07\u0e25\u0e49\u0e32\u0e07\u0e40\u0e04\u0e23\u0e37\u0e48\u0e2d\u0e07\u0e21\u0e37\u0e2d \u0e2d\u0e38\u0e1b\u0e01\u0e23\u0e13\u0e4c\u0e40\u0e04\u0e23\u0e37\u0e48\u0e2d\u0e07\u0e21\u0e37\u0e2d\u0e41\u0e1e\u0e17\u0e22\u0e4c\",\"publisher\":{\"@id\":\"https:\/\/ltsupply.co.th\/product\/horse-hair-brush-o64-2\/#organization\"},\"potentialAction\":[{\"@type\":\"SearchAction\",\"target\":{\"@type\":\"EntryPoint\",\"urlTemplate\":\"https:\/\/ltsupply.co.th\/product\/horse-hair-brush-o64-2\/?s={search_term_string}\"},\"query-input\":{\"@type\":\"PropertyValueSpecification\",\"valueRequired\":true,\"valueName\":\"search_term_string\"}}],\"inLanguage\":\"en-US\"},{\"@type\":\"Organization\",\"@id\":\"https:\/\/ltsupply.co.th\/product\/horse-hair-brush-o64-2\/#organization\",\"name\":\"LT Supply Co.,Ltd.\",\"url\":\"https:\/\/ltsupply.co.th\/product\/horse-hair-brush-o64-2\/\",\"logo\":{\"@type\":\"ImageObject\",\"inLanguage\":\"en-US\",\"@id\":\"https:\/\/ltsupply.co.th\/product\/horse-hair-brush-o64-2\/#\/schema\/logo\/image\/\",\"url\":\"https:\/\/ltsupply.co.th\/wp-content\/uploads\/2020\/07\/logo-head.png\",\"contentUrl\":\"https:\/\/ltsupply.co.th\/wp-content\/uploads\/2020\/07\/logo-head.png\",\"width\":340,\"height\":310,\"caption\":\"LT Supply Co.,Ltd.\"},\"image\":{\"@id\":\"https:\/\/ltsupply.co.th\/product\/horse-hair-brush-o64-2\/#\/schema\/logo\/image\/\"}}]}<\/script>\n<!-- \/ Yoast SEO plugin. -->","yoast_head_json":{"title":"\u0e41\u0e1b\u0e23\u0e07\u0e02\u0e19\u0e21\u0e49\u0e32\u0e2a\u0e33\u0e2b\u0e23\u0e31\u0e1a\u0e01\u0e32\u0e23\u0e17\u0e33\u0e04\u0e27\u0e32\u0e21\u0e2a\u0e30\u0e2d\u0e32\u0e14\u0e2b\u0e25\u0e2d\u0e14\u0e17\u0e14\u0e25\u0e2d\u0e07\u0e43\u0e19\u0e2b\u0e49\u0e2d\u0e07\u0e1b\u0e0f\u0e34\u0e1a\u0e31\u0e15\u0e34\u0e01\u0e32\u0e23 (\u0e04\u0e23\u0e1a\u0e0a\u0e38\u0e14 (6 \u0e0a\u0e34\u0e49\u0e19)","robots":{"index":"index","follow":"follow","max-snippet":"max-snippet:-1","max-image-preview":"max-image-preview:large","max-video-preview":"max-video-preview:-1"},"canonical":"https:\/\/ltsupply.co.th\/en\/product\/horse-hair-brush-o64-2\/","og_locale":"en_US","og_type":"article","og_title":"[:en]\u0e41\u0e1b\u0e23\u0e07\u0e02\u0e19\u0e21\u0e49\u0e32\u0e2a\u0e33\u0e2b\u0e23\u0e31\u0e1a\u0e01\u0e32\u0e23\u0e17\u0e33\u0e04\u0e27\u0e32\u0e21\u0e2a\u0e30\u0e2d\u0e32\u0e14\u0e2b\u0e25\u0e2d\u0e14\u0e17\u0e14\u0e25\u0e2d\u0e07\u0e43\u0e19\u0e2b\u0e49\u0e2d\u0e07\u0e1b\u0e0f\u0e34\u0e1a\u0e31\u0e15\u0e34\u0e01\u0e32\u0e23 (\u0e04\u0e23\u0e1a\u0e0a\u0e38\u0e14 (6 \u0e0a\u0e34\u0e49\u0e19)[:th]\u0e41\u0e1b\u0e23\u0e07\u0e02\u0e19\u0e21\u0e49\u0e32\u0e2a\u0e33\u0e2b\u0e23\u0e31\u0e1a\u0e01\u0e32\u0e23\u0e17\u0e33\u0e04\u0e27\u0e32\u0e21\u0e2a\u0e30\u0e2d\u0e32\u0e14\u0e2b\u0e25\u0e2d\u0e14\u0e17\u0e14\u0e25\u0e2d\u0e07\u0e43\u0e19\u0e2b\u0e49\u0e2d\u0e07\u0e1b\u0e0f\u0e34\u0e1a\u0e31\u0e15\u0e34\u0e01\u0e32\u0e23 (\u0e04\u0e23\u0e1a\u0e0a\u0e38\u0e14 (6 \u0e0a\u0e34\u0e49\u0e19)[:] - LT Supply Co.,Ltd.","og_description":"\u0e41\u0e1b\u0e23\u0e07\u0e02\u0e19\u0e21\u0e49\u0e32\u0e2a\u0e33\u0e2b\u0e23\u0e31\u0e1a\u0e01\u0e32\u0e23\u0e17\u0e33\u0e04\u0e27\u0e32\u0e21\u0e2a\u0e30\u0e2d\u0e32\u0e14\u0e2b\u0e25\u0e2d\u0e14\u0e17\u0e14\u0e25\u0e2d\u0e07\u0e43\u0e19\u0e2b\u0e49\u0e2d\u0e07\u0e1b\u0e0f\u0e34\u0e1a\u0e31\u0e15\u0e34\u0e01\u0e32\u0e23 (\u0e04\u0e23\u0e1a\u0e0a\u0e38\u0e14 (6 \u0e0a\u0e34\u0e49\u0e19) &nbsp; OD LENGTH TOTAL LENGTH \u00d810 60 225 \u00d816 60 225 \u00d827 80 300 \u00d835 100 350 \u00d850 120 400 \u00d864 120 400 &nbsp; &nbsp;","og_url":"https:\/\/ltsupply.co.th\/en\/product\/\u0e41\u0e1b\u0e23\u0e07\u0e02\u0e19\u0e21\u0e49\u0e32\u0e2a\u0e33\u0e2b\u0e23\u0e31\u0e1a\u0e01\u0e32\u0e23\u0e17\u0e33\u0e04\u0e27\/","og_site_name":"LT Supply Co.,Ltd.","article_modified_time":"2024-12-09T09:31:45+00:00","og_image":[{"width":1200,"height":1200,"url":"https:\/\/ltsupply.co.th\/wp-content\/uploads\/2020\/11\/\u0e41\u0e1b\u0e23\u0e07\u0e02\u0e19\u0e21\u0e49\u0e32-2.jpg","type":"image\/jpeg"}],"twitter_card":"summary_large_image","schema":{"@context":"https:\/\/schema.org","@graph":[{"@type":"WebPage","@id":"https:\/\/ltsupply.co.th\/product\/horse-hair-brush-o64-2\/","url":"https:\/\/ltsupply.co.th\/product\/horse-hair-brush-o64-2\/","name":"\u0e41\u0e1b\u0e23\u0e07\u0e02\u0e19\u0e21\u0e49\u0e32\u0e2a\u0e33\u0e2b\u0e23\u0e31\u0e1a\u0e01\u0e32\u0e23\u0e17\u0e33\u0e04\u0e27\u0e32\u0e21\u0e2a\u0e30\u0e2d\u0e32\u0e14\u0e2b\u0e25\u0e2d\u0e14\u0e17\u0e14\u0e25\u0e2d\u0e07\u0e43\u0e19\u0e2b\u0e49\u0e2d\u0e07\u0e1b\u0e0f\u0e34\u0e1a\u0e31\u0e15\u0e34\u0e01\u0e32\u0e23 (\u0e04\u0e23\u0e1a\u0e0a\u0e38\u0e14 (6 \u0e0a\u0e34\u0e49\u0e19)","isPartOf":{"@id":"https:\/\/ltsupply.co.th\/product\/horse-hair-brush-o64-2\/#website"},"primaryImageOfPage":{"@id":"https:\/\/ltsupply.co.th\/product\/horse-hair-brush-o64-2\/#primaryimage"},"image":{"@id":"https:\/\/ltsupply.co.th\/product\/horse-hair-brush-o64-2\/#primaryimage"},"thumbnailUrl":"https:\/\/ltsupply.co.th\/wp-content\/uploads\/2020\/11\/\u0e41\u0e1b\u0e23\u0e07\u0e02\u0e19\u0e21\u0e49\u0e32-2.jpg","datePublished":"2020-11-05T04:57:45+00:00","dateModified":"2024-12-09T09:31:45+00:00","breadcrumb":{"@id":"https:\/\/ltsupply.co.th\/product\/horse-hair-brush-o64-2\/#breadcrumb"},"inLanguage":"en-US","potentialAction":[{"@type":"ReadAction","target":["https:\/\/ltsupply.co.th\/product\/horse-hair-brush-o64-2\/"]}]},{"@type":"ImageObject","inLanguage":"en-US","@id":"https:\/\/ltsupply.co.th\/product\/horse-hair-brush-o64-2\/#primaryimage","url":"https:\/\/ltsupply.co.th\/wp-content\/uploads\/2020\/11\/\u0e41\u0e1b\u0e23\u0e07\u0e02\u0e19\u0e21\u0e49\u0e32-2.jpg","contentUrl":"https:\/\/ltsupply.co.th\/wp-content\/uploads\/2020\/11\/\u0e41\u0e1b\u0e23\u0e07\u0e02\u0e19\u0e21\u0e49\u0e32-2.jpg","width":1200,"height":1200},{"@type":"BreadcrumbList","@id":"https:\/\/ltsupply.co.th\/product\/horse-hair-brush-o64-2\/#breadcrumb","itemListElement":[{"@type":"ListItem","position":1,"name":"Home","item":"https:\/\/ltsupply.co.th\/product\/horse-hair-brush-o64-2\/"},{"@type":"ListItem","position":2,"name":"Shop","item":"https:\/\/ltsupply.co.th\/product\/horse-hair-brush-o64-2\/"},{"@type":"ListItem","position":3,"name":"\u0e41\u0e1b\u0e23\u0e07\u0e02\u0e19\u0e21\u0e49\u0e32\u0e2a\u0e33\u0e2b\u0e23\u0e31\u0e1a\u0e01\u0e32\u0e23\u0e17\u0e33\u0e04\u0e27\u0e32\u0e21\u0e2a\u0e30\u0e2d\u0e32\u0e14\u0e2b\u0e25\u0e2d\u0e14\u0e17\u0e14\u0e25\u0e2d\u0e07\u0e43\u0e19\u0e2b\u0e49\u0e2d\u0e07\u0e1b\u0e0f\u0e34\u0e1a\u0e31\u0e15\u0e34\u0e01\u0e32\u0e23 (\u0e04\u0e23\u0e1a\u0e0a\u0e38\u0e14 (6 \u0e0a\u0e34\u0e49\u0e19)"}]},{"@type":"WebSite","@id":"https:\/\/ltsupply.co.th\/product\/horse-hair-brush-o64-2\/#website","url":"https:\/\/ltsupply.co.th\/product\/horse-hair-brush-o64-2\/","name":"LT Supply Co.,Ltd.","description":"\u0e15\u0e31\u0e27\u0e41\u0e17\u0e19\u0e08\u0e33\u0e2b\u0e19\u0e48\u0e32\u0e22\u0e41\u0e1b\u0e23\u0e07\u0e17\u0e35\u0e48\u0e43\u0e0a\u0e49\u0e43\u0e19\u0e07\u0e32\u0e19\u0e42\u0e23\u0e07\u0e1e\u0e22\u0e32\u0e1a\u0e32\u0e25 \u0e41\u0e1b\u0e23\u0e07\u0e25\u0e49\u0e32\u0e07\u0e40\u0e04\u0e23\u0e37\u0e48\u0e2d\u0e07\u0e21\u0e37\u0e2d \u0e2d\u0e38\u0e1b\u0e01\u0e23\u0e13\u0e4c\u0e40\u0e04\u0e23\u0e37\u0e48\u0e2d\u0e07\u0e21\u0e37\u0e2d\u0e41\u0e1e\u0e17\u0e22\u0e4c","publisher":{"@id":"https:\/\/ltsupply.co.th\/product\/horse-hair-brush-o64-2\/#organization"},"potentialAction":[{"@type":"SearchAction","target":{"@type":"EntryPoint","urlTemplate":"https:\/\/ltsupply.co.th\/product\/horse-hair-brush-o64-2\/?s={search_term_string}"},"query-input":{"@type":"PropertyValueSpecification","valueRequired":true,"valueName":"search_term_string"}}],"inLanguage":"en-US"},{"@type":"Organization","@id":"https:\/\/ltsupply.co.th\/product\/horse-hair-brush-o64-2\/#organization","name":"LT Supply Co.,Ltd.","url":"https:\/\/ltsupply.co.th\/product\/horse-hair-brush-o64-2\/","logo":{"@type":"ImageObject","inLanguage":"en-US","@id":"https:\/\/ltsupply.co.th\/product\/horse-hair-brush-o64-2\/#\/schema\/logo\/image\/","url":"https:\/\/ltsupply.co.th\/wp-content\/uploads\/2020\/07\/logo-head.png","contentUrl":"https:\/\/ltsupply.co.th\/wp-content\/uploads\/2020\/07\/logo-head.png","width":340,"height":310,"caption":"LT Supply Co.,Ltd."},"image":{"@id":"https:\/\/ltsupply.co.th\/product\/horse-hair-brush-o64-2\/#\/schema\/logo\/image\/"}}]}},"_links":{"self":[{"href":"https:\/\/ltsupply.co.th\/en\/wp-json\/wp\/v2\/product\/2439","targetHints":{"allow":["GET"]}}],"collection":[{"href":"https:\/\/ltsupply.co.th\/en\/wp-json\/wp\/v2\/product"}],"about":[{"href":"https:\/\/ltsupply.co.th\/en\/wp-json\/wp\/v2\/types\/product"}],"wp:featuredmedia":[{"embeddable":true,"href":"https:\/\/ltsupply.co.th\/en\/wp-json\/wp\/v2\/media\/2418"}],"wp:attachment":[{"href":"https:\/\/ltsupply.co.th\/en\/wp-json\/wp\/v2\/media?parent=2439"}],"wp:term":[{"taxonomy":"product_brand","embeddable":true,"href":"https:\/\/ltsupply.co.th\/en\/wp-json\/wp\/v2\/product_brand?post=2439"},{"taxonomy":"product_cat","embeddable":true,"href":"https:\/\/ltsupply.co.th\/en\/wp-json\/wp\/v2\/product_cat?post=2439"},{"taxonomy":"product_tag","embeddable":true,"href":"https:\/\/ltsupply.co.th\/en\/wp-json\/wp\/v2\/product_tag?post=2439"}],"curies":[{"name":"wp","href":"https:\/\/api.w.org\/{rel}","templated":true}]}}